{"id":4535,"date":"2019-03-25T11:47:53","date_gmt":"2019-03-25T11:47:53","guid":{"rendered":"https:\/\/boloslevedos.pt\/contactos\/"},"modified":"2022-03-31T14:25:23","modified_gmt":"2022-03-31T14:25:23","slug":"contacts-azores-products-online","status":"publish","type":"page","link":"https:\/\/boloslevedos.pt\/en\/contacts-azores-products-online\/","title":{"rendered":"Contacts"},"content":{"rendered":"<p>[vc_row row_content_width=&#8221;grid&#8221; content_text_aligment=&#8221;center&#8221; css=&#8221;.vc_custom_1560763146517{padding-top: 59px !important;padding-bottom: 76px !important;}&#8221;][vc_column][vc_raw_html]JTNDaWZyYW1lJTIwc3JjJTNEJTIyaHR0cHMlM0ElMkYlMkZ3d3cuZ29vZ2xlLmNvbSUyRm1hcHMlMkZkJTJGZW1iZWQlM0ZtaWQlM0QxTkVGS0RkUUNKQVo4eS1sLTJ2TVdNUVhORW9TM0RuS3olMjZlaGJjJTNEMkUzMTJGJTIyJTIwd2lkdGglM0QlMjIxMDAlMjUlMjIlMjBoZWlnaHQlM0QlMjI0NTAlMjIlM0UlM0MlMkZpZnJhbWUlM0U=[\/vc_raw_html][\/vc_column][\/vc_row][vc_row row_content_width=&#8221;grid&#8221; content_text_aligment=&#8221;center&#8221; css=&#8221;.vc_custom_1637692250864{padding-top: 15px !important;padding-bottom: 8px !important;}&#8221;][vc_column width=&#8221;1\/3&#8243; el_class=&#8221;contactPageContacts&#8221;]<div class=\"mkdf-section-title-holder  \" style=\"text-align: center\">\n\t<div class=\"mkdf-st-inner\">\n\t\t\t\t\t<h3 class=\"mkdf-st-title\" >\n\t\t\t\tContacts\t\t\t<\/h3>\n\t\t\t\t\t\t\t<\/div>\n<\/div>[vc_column_text]<\/p>\n<p style=\"text-align: center\"><b>Factory<\/b>: <a href=\"tel:351296584548\" target=\"_self\" rel=\"noopener\">296 584 548<\/a><br \/>\n<b>Cafeteria<\/b>: <a href=\"tel:351296588040\" target=\"_self\" rel=\"noopener\">296 588 040<\/a><br \/>\n<b>Orders\/Administration\/Management<\/b>: <a href=\"tel:351919837688\" target=\"_self\" rel=\"noopener\">919 837 688<\/a><\/p>\n<p>[\/vc_column_text][\/vc_column][vc_column width=&#8221;1\/3&#8243;]<div class=\"mkdf-section-title-holder  \" style=\"text-align: center\">\n\t<div class=\"mkdf-st-inner\">\n\t\t\t\t\t<h3 class=\"mkdf-st-title\" >\n\t\t\t\tAddress\t\t\t<\/h3>\n\t\t\t\t\t\t\t<\/div>\n<\/div>[vc_column_text]<strong>Factory:<\/strong> Rua de Sant&#8217;Ana, n\u00ba 16<\/p>\n<p>9675-046 &#8211; Furnas, S\u00e3o Miguel, A\u00e7ores<\/p>\n<p><strong>Cafetaria:\u00a0<\/strong>Rua Padre Jos\u00e9 Jacinto Botelho, n\u00ba 26<\/p>\n<p>9675 &#8211; 061 Furnas, S\u00e3o Miguel, A\u00e7ores[\/vc_column_text][\/vc_column][vc_column width=&#8221;1\/3&#8243; el_class=&#8221;contactPageContacts&#8221;]<div class=\"mkdf-section-title-holder  \" style=\"text-align: center\">\n\t<div class=\"mkdf-st-inner\">\n\t\t\t\t\t<h3 class=\"mkdf-st-title\" >\n\t\t\t\tEmail\t\t\t<\/h3>\n\t\t\t\t\t\t\t<\/div>\n<\/div>[vc_column_text]<a href=\"mailto:lisquental@sapo.pt\" target=\"_self\" rel=\"noopener\">lisquental@sapo.pt<\/a>[\/vc_column_text][\/vc_column][\/vc_row][vc_row row_content_width=&#8221;grid&#8221; css=&#8221;.vc_custom_1561363908474{padding-top: 15px !important;padding-bottom: 8px !important;}&#8221;][vc_column][vc_column_text]<\/p>\n<h1 style=\"text-align: center\">TALK TO US<\/h1>\n<p>[\/vc_column_text][vc_column_text]<\/p>\n<p style=\"text-align: center;font-size: 18px\"><span style=\"color: #545454\">Do you have any doubt? We are at your complete disposal.<\/span><\/p>\n<p>[\/vc_column_text][vc_empty_space height=&#8221;50px&#8221;][\/vc_column][\/vc_row][vc_row row_content_width=&#8221;grid&#8221; css=&#8221;.vc_custom_1560763176311{padding-bottom: 130px !important;}&#8221;][vc_column]<div class=\"mkdf-elements-holder   mkdf-one-column  mkdf-responsive-mode-768 \" ><div class=\"mkdf-eh-item    \"  data-item-class=\"mkdf-eh-custom-6653\" data-769-1024=\"0px 8% 0px 8%\" data-680=\"0px 0% 0px 0%\">\n\t<div class=\"mkdf-eh-item-inner\">\n\t\t<div class=\"mkdf-eh-item-content mkdf-eh-custom-6653\" style=\"padding: 0px 17% 0px 17%\">\n\t\t\t<div role=\"form\" class=\"wpcf7\" id=\"wpcf7-f4546-o1\" lang=\"pt-PT\" dir=\"ltr\">\n<div class=\"screen-reader-response\"><p role=\"status\" aria-live=\"polite\" aria-atomic=\"true\"><\/p> <ul><\/ul><\/div>\n<form action=\"\/en\/wp-json\/wp\/v2\/pages\/4535#wpcf7-f4546-o1\" method=\"post\" class=\"wpcf7-form init cf7_custom_style_1\" novalidate=\"novalidate\" data-status=\"init\">\n<div style=\"display: none;\">\n<input type=\"hidden\" name=\"_wpcf7\" value=\"4546\" \/>\n<input type=\"hidden\" name=\"_wpcf7_version\" value=\"5.5.2\" \/>\n<input type=\"hidden\" name=\"_wpcf7_locale\" value=\"pt_PT\" \/>\n<input type=\"hidden\" name=\"_wpcf7_unit_tag\" value=\"wpcf7-f4546-o1\" \/>\n<input type=\"hidden\" name=\"_wpcf7_container_post\" value=\"0\" \/>\n<input type=\"hidden\" name=\"_wpcf7_posted_data_hash\" value=\"\" \/>\n<input type=\"hidden\" name=\"_wpcf7_recaptcha_response\" value=\"\" \/>\n<\/div>\n<div class=\"mkdf-grid-row qodef-grid-normal-gutter\">\n<div class=\"mkdf-grid-col-6\">\n        <span class=\"wpcf7-form-control-wrap your-name\"><input type=\"text\" name=\"your-name\" value=\"\" size=\"40\" class=\"wpcf7-form-control wpcf7-text wpcf7-validates-as-required\" aria-required=\"true\" aria-invalid=\"false\" placeholder=\"Name*\" \/><\/span>\n    <\/div>\n<div class=\"mkdf-grid-col-6\">\n        <span class=\"wpcf7-form-control-wrap your-email\"><input type=\"email\" name=\"your-email\" value=\"\" size=\"40\" class=\"wpcf7-form-control wpcf7-text wpcf7-email wpcf7-validates-as-required wpcf7-validates-as-email\" aria-required=\"true\" aria-invalid=\"false\" placeholder=\"Email*\" \/><\/span>\n    <\/div>\n<\/div>\n<p><span class=\"wpcf7-form-control-wrap your-message\"><textarea name=\"your-message\" cols=\"40\" rows=\"8\" class=\"wpcf7-form-control wpcf7-textarea wpcf7-validates-as-required\" aria-required=\"true\" aria-invalid=\"false\" placeholder=\"Message*\"><\/textarea><\/span><\/p>\n<div class=\"mkdf-grid-row qodef-grid-normal-gutter\">\n   <span class=\"wpcf7-form-control-wrap acceptance-581\"><span class=\"wpcf7-form-control wpcf7-acceptance\"><span class=\"wpcf7-list-item\"><label><input type=\"checkbox\" name=\"acceptance-581\" value=\"1\" aria-invalid=\"false\" \/><span class=\"wpcf7-list-item-label\">By sending this message, I am accepting the <a href=\"https:\/\/boloslevedos.pt\/en\/terms-and-conditions\/\" target=\"_blank\" style=\"text-decoration:underline;\">Terms and Conditions<\/a> and the <a href=\"https:\/\/boloslevedos.pt\/en\/privacy-policy\/\" target=\"_blank\" style=\"text-decoration:underline;\">Privacy Policy<\/a>.<\/span><\/label><\/span><\/span><\/span><\/p>\n<\/div>\n<div class=\"mkdf-cf7-btn-custom-hover\">\n<p style=\"text-align: center; margin-left: 20px; margin-top: 30px\">\n        <button type=\"submit\" class=\"wpcf7-form-control wpcf7-submit mkdf-btn mkdf-btn-medium mkdf-btn-solid\"><span class=\"mkdf-btn-text\">Send message<\/span><\/button>\n    <\/p>\n<\/div>\n<div class=\"wpcf7-response-output\" aria-hidden=\"true\"><\/div><\/form><\/div>\t\t<\/div>\n\t<\/div>\n<\/div><\/div>[\/vc_column][\/vc_row]<\/p>\n","protected":false},"excerpt":{"rendered":"<p>[vc_row row_content_width=&#8221;grid&#8221; content_text_aligment=&#8221;center&#8221; css=&#8221;.vc_custom_1560763146517{padding-top: 59px !important;padding-bottom: 76px !important;}&#8221;][vc_column][vc_raw_html]JTNDaWZyYW1lJTIwc3JjJTNEJTIyaHR0cHMlM0ElMkYlMkZ3d3cuZ29vZ2xlLmNvbSUyRm1hcHMlMkZkJTJGZW1iZWQlM0ZtaWQlM0QxTkVGS0RkUUNKQVo4eS1sLTJ2TVdNUVhORW9TM0RuS3olMjZlaGJjJTNEMkUzMTJGJTIyJTIwd2lkdGglM0QlMjIxMDAlMjUlMjIlMjBoZWlnaHQlM0QlMjI0NTAlMjIlM0UlM0MlMkZpZnJhbWUlM0U=[\/vc_raw_html][\/vc_column][\/vc_row][vc_row row_content_width=&#8221;grid&#8221; content_text_aligment=&#8221;center&#8221; [&hellip;]<\/p>\n","protected":false},"author":1,"featured_media":0,"parent":0,"menu_order":0,"comment_status":"closed","ping_status":"closed","template":"full-width.php","meta":[],"acf":[],"yoast_head":"<!-- This site is optimized with the Yoast SEO plugin v17.7 - https:\/\/yoast.com\/wordpress\/plugins\/seo\/ -->\n<title>Contacts - Bolos L\u00eavedos da Rosa Quental<\/title>\n<meta name=\"description\" content=\"Do you need some information about the most genuine azores products online? Talk to us. We are here for you.\" \/>\n<meta name=\"robots\" content=\"index, follow, max-snippet:-1, max-image-preview:large, max-video-preview:-1\" \/>\n<link rel=\"canonical\" href=\"https:\/\/boloslevedos.pt\/en\/contacts-azores-products-online\/\" \/>\n<meta property=\"og:locale\" content=\"en_US\" \/>\n<meta property=\"og:type\" content=\"article\" \/>\n<meta property=\"og:title\" content=\"Contacts - Bolos L\u00eavedos da Rosa Quental\" \/>\n<meta property=\"og:description\" content=\"Do you need some information about the most genuine azores products online? Talk to us. We are here for you.\" \/>\n<meta property=\"og:url\" content=\"https:\/\/boloslevedos.pt\/en\/contacts-azores-products-online\/\" \/>\n<meta property=\"og:site_name\" content=\"Bolos L\u00eavedos da Rosa Quental\" \/>\n<meta property=\"article:publisher\" content=\"https:\/\/pt-br.facebook.com\/boloslevedos.rosaquental\/\" \/>\n<meta property=\"article:modified_time\" content=\"2022-03-31T14:25:23+00:00\" \/>\n<meta name=\"twitter:card\" content=\"summary_large_image\" \/>\n<meta name=\"twitter:label1\" content=\"Est. reading time\" \/>\n\t<meta name=\"twitter:data1\" content=\"1 minute\" \/>\n<script type=\"application\/ld+json\" class=\"yoast-schema-graph\">{\"@context\":\"https:\/\/schema.org\",\"@graph\":[{\"@type\":\"Organization\",\"@id\":\"https:\/\/boloslevedos.pt\/#organization\",\"name\":\"Bolos L\\u00eavedos da Rosa Quental\",\"url\":\"https:\/\/boloslevedos.pt\/\",\"sameAs\":[\"https:\/\/pt-br.facebook.com\/boloslevedos.rosaquental\/\",\"https:\/\/www.instagram.com\/explore\/locations\/252372041626763\/bolos-levedos-rosa-quental\"],\"logo\":{\"@type\":\"ImageObject\",\"@id\":\"https:\/\/boloslevedos.pt\/#logo\",\"inLanguage\":\"en-US\",\"url\":\"https:\/\/boloslevedos.pt\/wp-content\/uploads\/2021\/11\/logo.png\",\"contentUrl\":\"https:\/\/boloslevedos.pt\/wp-content\/uploads\/2021\/11\/logo.png\",\"width\":260,\"height\":260,\"caption\":\"Bolos L\\u00eavedos da Rosa Quental\"},\"image\":{\"@id\":\"https:\/\/boloslevedos.pt\/#logo\"}},{\"@type\":\"WebSite\",\"@id\":\"https:\/\/boloslevedos.pt\/#website\",\"url\":\"https:\/\/boloslevedos.pt\/\",\"name\":\"Bolos L\\u00eavedos da Rosa Quental\",\"description\":\"Genu\\u00ednos Bolos L\\u00eavedos das Furnas, S\\u00e3o Miguel, A\\u00e7ores\",\"publisher\":{\"@id\":\"https:\/\/boloslevedos.pt\/#organization\"},\"potentialAction\":[{\"@type\":\"SearchAction\",\"target\":{\"@type\":\"EntryPoint\",\"urlTemplate\":\"https:\/\/boloslevedos.pt\/?s={search_term_string}\"},\"query-input\":\"required name=search_term_string\"}],\"inLanguage\":\"en-US\"},{\"@type\":\"WebPage\",\"@id\":\"https:\/\/boloslevedos.pt\/en\/contacts-azores-products-online\/#webpage\",\"url\":\"https:\/\/boloslevedos.pt\/en\/contacts-azores-products-online\/\",\"name\":\"Contacts - Bolos L\\u00eavedos da Rosa Quental\",\"isPartOf\":{\"@id\":\"https:\/\/boloslevedos.pt\/#website\"},\"datePublished\":\"2019-03-25T11:47:53+00:00\",\"dateModified\":\"2022-03-31T14:25:23+00:00\",\"description\":\"Do you need some information about the most genuine azores products online? Talk to us. We are here for you.\",\"breadcrumb\":{\"@id\":\"https:\/\/boloslevedos.pt\/en\/contacts-azores-products-online\/#breadcrumb\"},\"inLanguage\":\"en-US\",\"potentialAction\":[{\"@type\":\"ReadAction\",\"target\":[\"https:\/\/boloslevedos.pt\/en\/contacts-azores-products-online\/\"]}]},{\"@type\":\"BreadcrumbList\",\"@id\":\"https:\/\/boloslevedos.pt\/en\/contacts-azores-products-online\/#breadcrumb\",\"itemListElement\":[{\"@type\":\"ListItem\",\"position\":1,\"name\":\"In\\u00edcio\",\"item\":\"https:\/\/boloslevedos.pt\/en\/\"},{\"@type\":\"ListItem\",\"position\":2,\"name\":\"Contacts\"}]}]}<\/script>\n<!-- \/ Yoast SEO plugin. -->","yoast_head_json":{"title":"Contacts - Bolos L\u00eavedos da Rosa Quental","description":"Do you need some information about the most genuine azores products online? Talk to us. We are here for you.","robots":{"index":"index","follow":"follow","max-snippet":"max-snippet:-1","max-image-preview":"max-image-preview:large","max-video-preview":"max-video-preview:-1"},"canonical":"https:\/\/boloslevedos.pt\/en\/contacts-azores-products-online\/","og_locale":"en_US","og_type":"article","og_title":"Contacts - Bolos L\u00eavedos da Rosa Quental","og_description":"Do you need some information about the most genuine azores products online? Talk to us. We are here for you.","og_url":"https:\/\/boloslevedos.pt\/en\/contacts-azores-products-online\/","og_site_name":"Bolos L\u00eavedos da Rosa Quental","article_publisher":"https:\/\/pt-br.facebook.com\/boloslevedos.rosaquental\/","article_modified_time":"2022-03-31T14:25:23+00:00","twitter_card":"summary_large_image","twitter_misc":{"Est. reading time":"1 minute"},"schema":{"@context":"https:\/\/schema.org","@graph":[{"@type":"Organization","@id":"https:\/\/boloslevedos.pt\/#organization","name":"Bolos L\u00eavedos da Rosa Quental","url":"https:\/\/boloslevedos.pt\/","sameAs":["https:\/\/pt-br.facebook.com\/boloslevedos.rosaquental\/","https:\/\/www.instagram.com\/explore\/locations\/252372041626763\/bolos-levedos-rosa-quental"],"logo":{"@type":"ImageObject","@id":"https:\/\/boloslevedos.pt\/#logo","inLanguage":"en-US","url":"https:\/\/boloslevedos.pt\/wp-content\/uploads\/2021\/11\/logo.png","contentUrl":"https:\/\/boloslevedos.pt\/wp-content\/uploads\/2021\/11\/logo.png","width":260,"height":260,"caption":"Bolos L\u00eavedos da Rosa Quental"},"image":{"@id":"https:\/\/boloslevedos.pt\/#logo"}},{"@type":"WebSite","@id":"https:\/\/boloslevedos.pt\/#website","url":"https:\/\/boloslevedos.pt\/","name":"Bolos L\u00eavedos da Rosa Quental","description":"Genu\u00ednos Bolos L\u00eavedos das Furnas, S\u00e3o Miguel, A\u00e7ores","publisher":{"@id":"https:\/\/boloslevedos.pt\/#organization"},"potentialAction":[{"@type":"SearchAction","target":{"@type":"EntryPoint","urlTemplate":"https:\/\/boloslevedos.pt\/?s={search_term_string}"},"query-input":"required name=search_term_string"}],"inLanguage":"en-US"},{"@type":"WebPage","@id":"https:\/\/boloslevedos.pt\/en\/contacts-azores-products-online\/#webpage","url":"https:\/\/boloslevedos.pt\/en\/contacts-azores-products-online\/","name":"Contacts - Bolos L\u00eavedos da Rosa Quental","isPartOf":{"@id":"https:\/\/boloslevedos.pt\/#website"},"datePublished":"2019-03-25T11:47:53+00:00","dateModified":"2022-03-31T14:25:23+00:00","description":"Do you need some information about the most genuine azores products online? Talk to us. We are here for you.","breadcrumb":{"@id":"https:\/\/boloslevedos.pt\/en\/contacts-azores-products-online\/#breadcrumb"},"inLanguage":"en-US","potentialAction":[{"@type":"ReadAction","target":["https:\/\/boloslevedos.pt\/en\/contacts-azores-products-online\/"]}]},{"@type":"BreadcrumbList","@id":"https:\/\/boloslevedos.pt\/en\/contacts-azores-products-online\/#breadcrumb","itemListElement":[{"@type":"ListItem","position":1,"name":"In\u00edcio","item":"https:\/\/boloslevedos.pt\/en\/"},{"@type":"ListItem","position":2,"name":"Contacts"}]}]}},"_links":{"self":[{"href":"https:\/\/boloslevedos.pt\/en\/wp-json\/wp\/v2\/pages\/4535"}],"collection":[{"href":"https:\/\/boloslevedos.pt\/en\/wp-json\/wp\/v2\/pages"}],"about":[{"href":"https:\/\/boloslevedos.pt\/en\/wp-json\/wp\/v2\/types\/page"}],"author":[{"embeddable":true,"href":"https:\/\/boloslevedos.pt\/en\/wp-json\/wp\/v2\/users\/1"}],"replies":[{"embeddable":true,"href":"https:\/\/boloslevedos.pt\/en\/wp-json\/wp\/v2\/comments?post=4535"}],"version-history":[{"count":10,"href":"https:\/\/boloslevedos.pt\/en\/wp-json\/wp\/v2\/pages\/4535\/revisions"}],"predecessor-version":[{"id":4910,"href":"https:\/\/boloslevedos.pt\/en\/wp-json\/wp\/v2\/pages\/4535\/revisions\/4910"}],"wp:attachment":[{"href":"https:\/\/boloslevedos.pt\/en\/wp-json\/wp\/v2\/media?parent=4535"}],"curies":[{"name":"wp","href":"https:\/\/api.w.org\/{rel}","templated":true}]}}