{"id":4617,"date":"2019-03-06T12:11:19","date_gmt":"2019-03-06T12:11:19","guid":{"rendered":"https:\/\/boloslevedos.pt\/main-home\/"},"modified":"2022-01-11T17:53:19","modified_gmt":"2022-01-11T17:53:19","slug":"main-home","status":"publish","type":"page","link":"https:\/\/boloslevedos.pt\/en\/","title":{"rendered":"Home"},"content":{"rendered":"<p>[vc_row row_content_width=&#8221;grid&#8221; css=&#8221;.vc_custom_1639412305382{margin-right: 0px !important;margin-left: 0px !important;background-position: center !important;background-repeat: no-repeat !important;background-size: contain !important;}&#8221;][vc_column][vc_raw_html]JTVCc2hvcnRjb2RlX2hvbWVwYWdlX3dpZGdldF9wcm9kdXRvc19kZXN0YXF1ZSU1RA==[\/vc_raw_html][vc_empty_space height=&#8221;30px&#8221;][\/vc_column][\/vc_row][vc_row row_content_width=&#8221;grid&#8221; css=&#8221;.vc_custom_1637849630588{margin-right: 0px !important;margin-left: 0px !important;background-image: url(https:\/\/panaderia.mikado-themes.com\/wp-content\/uploads\/2019\/07\/m-h-testimonial-background-2.jpg?id=3266) !important;background-position: center !important;background-repeat: no-repeat !important;background-size: contain !important;}&#8221;][vc_column css=&#8221;.vc_custom_1640279987703{padding-bottom: 50px !important;}&#8221;][vc_raw_html]JTVCc2hvcnRjb2RlX2hvbWVwYWdlX3dpZGdldF9zb2JyZV9lbXByZXNhJTVE[\/vc_raw_html][\/vc_column][\/vc_row][vc_row row_content_width=&#8221;grid&#8221; disable_background_image=&#8221;&#8221; content_text_aligment=&#8221;center&#8221; css=&#8221;.vc_custom_1641918684656{padding-top: 212px !important;padding-bottom: 201px !important;background-position: center !important;background-repeat: no-repeat !important;background-size: contain !important;}&#8221; simple_background_image=&#8221;4718&#8243;][vc_column][vc_raw_html]JTVCc2hvcnRjb2RlX2hvbWVwYWdlX3dpZGdldF9wcm9kdXRvc190ZXN0ZW11bmhhcyU1RA==[\/vc_raw_html][\/vc_column][\/vc_row][vc_row row_content_width=&#8221;grid&#8221; content_text_aligment=&#8221;center&#8221; css=&#8221;.vc_custom_1637840918291{padding-top: 69px !important;padding-bottom: 51px !important;}&#8221;][vc_column]<div class=\"mkdf-section-title-holder  \" >\n\t<div class=\"mkdf-st-inner\">\n\t\t\t\t\t<h2 class=\"mkdf-st-title\" >\n\t\t\t\tTALK TO US\t\t\t<\/h2>\n\t\t\t\t\t\t\t<span class=\"mkdf-st-text\" >\n\t\t\t\tDo you have any doubt? We are at your complete disposal.\t\t\t<\/span>\n\t\t\t\t\t<\/div>\n<\/div>[\/vc_column][\/vc_row][vc_row row_content_width=&#8221;grid&#8221; content_text_aligment=&#8221;center&#8221; css=&#8221;.vc_custom_1637840699379{padding-bottom: 111px !important;}&#8221;][vc_column]<div class=\"mkdf-elements-holder   mkdf-one-column  mkdf-responsive-mode-768 \" ><div class=\"mkdf-eh-item    \"  data-item-class=\"mkdf-eh-custom-6179\" data-681-768=\"0 9%\" data-680=\"0 2%\">\n\t<div class=\"mkdf-eh-item-inner\">\n\t\t<div class=\"mkdf-eh-item-content mkdf-eh-custom-6179\" style=\"padding: 0 17%\">\n\t\t\t<div role=\"form\" class=\"wpcf7\" id=\"wpcf7-f4546-o1\" lang=\"pt-PT\" dir=\"ltr\">\n<div class=\"screen-reader-response\"><p role=\"status\" aria-live=\"polite\" aria-atomic=\"true\"><\/p> <ul><\/ul><\/div>\n<form action=\"\/en\/wp-json\/wp\/v2\/pages\/4617#wpcf7-f4546-o1\" method=\"post\" class=\"wpcf7-form init\" novalidate=\"novalidate\" data-status=\"init\">\n<div style=\"display: none;\">\n<input type=\"hidden\" name=\"_wpcf7\" value=\"4546\" \/>\n<input type=\"hidden\" name=\"_wpcf7_version\" value=\"5.5.2\" \/>\n<input type=\"hidden\" name=\"_wpcf7_locale\" value=\"pt_PT\" \/>\n<input type=\"hidden\" name=\"_wpcf7_unit_tag\" value=\"wpcf7-f4546-o1\" \/>\n<input type=\"hidden\" name=\"_wpcf7_container_post\" value=\"0\" \/>\n<input type=\"hidden\" name=\"_wpcf7_posted_data_hash\" value=\"\" \/>\n<input type=\"hidden\" name=\"_wpcf7_recaptcha_response\" value=\"\" \/>\n<\/div>\n<div class=\"mkdf-grid-row qodef-grid-normal-gutter\">\n<div class=\"mkdf-grid-col-6\">\n        <span class=\"wpcf7-form-control-wrap your-name\"><input type=\"text\" name=\"your-name\" value=\"\" size=\"40\" class=\"wpcf7-form-control wpcf7-text wpcf7-validates-as-required\" aria-required=\"true\" aria-invalid=\"false\" placeholder=\"Name*\" \/><\/span>\n    <\/div>\n<div class=\"mkdf-grid-col-6\">\n        <span class=\"wpcf7-form-control-wrap your-email\"><input type=\"email\" name=\"your-email\" value=\"\" size=\"40\" class=\"wpcf7-form-control wpcf7-text wpcf7-email wpcf7-validates-as-required wpcf7-validates-as-email\" aria-required=\"true\" aria-invalid=\"false\" placeholder=\"Email*\" \/><\/span>\n    <\/div>\n<\/div>\n<p><span class=\"wpcf7-form-control-wrap your-message\"><textarea name=\"your-message\" cols=\"40\" rows=\"8\" class=\"wpcf7-form-control wpcf7-textarea wpcf7-validates-as-required\" aria-required=\"true\" aria-invalid=\"false\" placeholder=\"Message*\"><\/textarea><\/span><\/p>\n<div class=\"mkdf-grid-row qodef-grid-normal-gutter\">\n   <span class=\"wpcf7-form-control-wrap acceptance-581\"><span class=\"wpcf7-form-control wpcf7-acceptance\"><span class=\"wpcf7-list-item\"><label><input type=\"checkbox\" name=\"acceptance-581\" value=\"1\" aria-invalid=\"false\" \/><span class=\"wpcf7-list-item-label\">By sending this message, I am accepting the <a href=\"https:\/\/boloslevedos.pt\/en\/terms-and-conditions\/\" target=\"_blank\" style=\"text-decoration:underline;\">Terms and Conditions<\/a> and the <a href=\"https:\/\/boloslevedos.pt\/en\/privacy-policy\/\" target=\"_blank\" style=\"text-decoration:underline;\">Privacy Policy<\/a>.<\/span><\/label><\/span><\/span><\/span><\/p>\n<\/div>\n<div class=\"mkdf-cf7-btn-custom-hover\">\n<p style=\"text-align: center; margin-left: 20px; margin-top: 30px\">\n        <button type=\"submit\" class=\"wpcf7-form-control wpcf7-submit mkdf-btn mkdf-btn-medium mkdf-btn-solid\"><span class=\"mkdf-btn-text\">Send message<\/span><\/button>\n    <\/p>\n<\/div>\n<div class=\"wpcf7-response-output\" aria-hidden=\"true\"><\/div><\/form><\/div>\t\t<\/div>\n\t<\/div>\n<\/div><\/div>[\/vc_column][\/vc_row]<\/p>\n","protected":false},"excerpt":{"rendered":"<p>[vc_row row_content_width=&#8221;grid&#8221; css=&#8221;.vc_custom_1639412305382{margin-right: 0px !important;margin-left: 0px !important;background-position: center !important;background-repeat: no-repeat [&hellip;]<\/p>\n","protected":false},"author":1,"featured_media":4698,"parent":0,"menu_order":0,"comment_status":"closed","ping_status":"closed","template":"full-width.php","meta":[],"acf":[],"yoast_head":"<!-- This site is optimized with the Yoast SEO plugin v17.7 - https:\/\/yoast.com\/wordpress\/plugins\/seo\/ -->\n<title>Home - Bolos L\u00eavedos da Rosa Quental<\/title>\n<meta name=\"description\" content=\"Welcome to the website bolos levedos rosa de quental, the most genuine yeast cake in the Azores. They are a kind of mixture of bread and cake.\" \/>\n<meta name=\"robots\" content=\"index, follow, max-snippet:-1, max-image-preview:large, max-video-preview:-1\" \/>\n<link rel=\"canonical\" href=\"https:\/\/boloslevedos.pt\/en\/\" \/>\n<meta property=\"og:locale\" content=\"en_US\" \/>\n<meta property=\"og:type\" content=\"article\" \/>\n<meta property=\"og:title\" content=\"Home - Bolos L\u00eavedos da Rosa Quental\" \/>\n<meta property=\"og:description\" content=\"Welcome to the website bolos levedos rosa de quental, the most genuine yeast cake in the Azores. They are a kind of mixture of bread and cake.\" \/>\n<meta property=\"og:url\" content=\"https:\/\/boloslevedos.pt\/en\/\" \/>\n<meta property=\"og:site_name\" content=\"Bolos L\u00eavedos da Rosa Quental\" \/>\n<meta property=\"article:publisher\" content=\"https:\/\/pt-br.facebook.com\/boloslevedos.rosaquental\/\" \/>\n<meta property=\"article:modified_time\" content=\"2022-01-11T17:53:19+00:00\" \/>\n<meta property=\"og:image\" content=\"https:\/\/boloslevedos.pt\/wp-content\/uploads\/2022\/01\/IMG_7814-scaled.jpg\" \/>\n\t<meta property=\"og:image:width\" content=\"2560\" \/>\n\t<meta property=\"og:image:height\" content=\"1707\" \/>\n<meta name=\"twitter:card\" content=\"summary_large_image\" \/>\n<meta name=\"twitter:label1\" content=\"Est. reading time\" \/>\n\t<meta name=\"twitter:data1\" content=\"1 minute\" \/>\n<script type=\"application\/ld+json\" class=\"yoast-schema-graph\">{\"@context\":\"https:\/\/schema.org\",\"@graph\":[{\"@type\":\"Organization\",\"@id\":\"https:\/\/boloslevedos.pt\/#organization\",\"name\":\"Bolos L\\u00eavedos da Rosa Quental\",\"url\":\"https:\/\/boloslevedos.pt\/\",\"sameAs\":[\"https:\/\/pt-br.facebook.com\/boloslevedos.rosaquental\/\",\"https:\/\/www.instagram.com\/explore\/locations\/252372041626763\/bolos-levedos-rosa-quental\"],\"logo\":{\"@type\":\"ImageObject\",\"@id\":\"https:\/\/boloslevedos.pt\/#logo\",\"inLanguage\":\"en-US\",\"url\":\"https:\/\/boloslevedos.pt\/wp-content\/uploads\/2021\/11\/logo.png\",\"contentUrl\":\"https:\/\/boloslevedos.pt\/wp-content\/uploads\/2021\/11\/logo.png\",\"width\":260,\"height\":260,\"caption\":\"Bolos L\\u00eavedos da Rosa Quental\"},\"image\":{\"@id\":\"https:\/\/boloslevedos.pt\/#logo\"}},{\"@type\":\"WebSite\",\"@id\":\"https:\/\/boloslevedos.pt\/#website\",\"url\":\"https:\/\/boloslevedos.pt\/\",\"name\":\"Bolos L\\u00eavedos da Rosa Quental\",\"description\":\"Genu\\u00ednos Bolos L\\u00eavedos das Furnas, S\\u00e3o Miguel, A\\u00e7ores\",\"publisher\":{\"@id\":\"https:\/\/boloslevedos.pt\/#organization\"},\"potentialAction\":[{\"@type\":\"SearchAction\",\"target\":{\"@type\":\"EntryPoint\",\"urlTemplate\":\"https:\/\/boloslevedos.pt\/?s={search_term_string}\"},\"query-input\":\"required name=search_term_string\"}],\"inLanguage\":\"en-US\"},{\"@type\":\"ImageObject\",\"@id\":\"https:\/\/boloslevedos.pt\/en\/#primaryimage\",\"inLanguage\":\"en-US\",\"url\":\"https:\/\/boloslevedos.pt\/wp-content\/uploads\/2022\/01\/IMG_7814-scaled.jpg\",\"contentUrl\":\"https:\/\/boloslevedos.pt\/wp-content\/uploads\/2022\/01\/IMG_7814-scaled.jpg\",\"width\":2560,\"height\":1707,\"caption\":\"rosa quental bolos levedos\"},{\"@type\":\"WebPage\",\"@id\":\"https:\/\/boloslevedos.pt\/en\/#webpage\",\"url\":\"https:\/\/boloslevedos.pt\/en\/\",\"name\":\"Home - Bolos L\\u00eavedos da Rosa Quental\",\"isPartOf\":{\"@id\":\"https:\/\/boloslevedos.pt\/#website\"},\"primaryImageOfPage\":{\"@id\":\"https:\/\/boloslevedos.pt\/en\/#primaryimage\"},\"datePublished\":\"2019-03-06T12:11:19+00:00\",\"dateModified\":\"2022-01-11T17:53:19+00:00\",\"description\":\"Welcome to the website bolos levedos rosa de quental, the most genuine yeast cake in the Azores. They are a kind of mixture of bread and cake.\",\"breadcrumb\":{\"@id\":\"https:\/\/boloslevedos.pt\/en\/#breadcrumb\"},\"inLanguage\":\"en-US\",\"potentialAction\":[{\"@type\":\"ReadAction\",\"target\":[\"https:\/\/boloslevedos.pt\/en\/\"]}]},{\"@type\":\"BreadcrumbList\",\"@id\":\"https:\/\/boloslevedos.pt\/en\/#breadcrumb\",\"itemListElement\":[{\"@type\":\"ListItem\",\"position\":1,\"name\":\"In\\u00edcio\",\"item\":\"https:\/\/boloslevedos.pt\/en\/\"},{\"@type\":\"ListItem\",\"position\":2,\"name\":\"Home\"}]}]}<\/script>\n<!-- \/ Yoast SEO plugin. -->","yoast_head_json":{"title":"Home - Bolos L\u00eavedos da Rosa Quental","description":"Welcome to the website bolos levedos rosa de quental, the most genuine yeast cake in the Azores. They are a kind of mixture of bread and cake.","robots":{"index":"index","follow":"follow","max-snippet":"max-snippet:-1","max-image-preview":"max-image-preview:large","max-video-preview":"max-video-preview:-1"},"canonical":"https:\/\/boloslevedos.pt\/en\/","og_locale":"en_US","og_type":"article","og_title":"Home - Bolos L\u00eavedos da Rosa Quental","og_description":"Welcome to the website bolos levedos rosa de quental, the most genuine yeast cake in the Azores. They are a kind of mixture of bread and cake.","og_url":"https:\/\/boloslevedos.pt\/en\/","og_site_name":"Bolos L\u00eavedos da Rosa Quental","article_publisher":"https:\/\/pt-br.facebook.com\/boloslevedos.rosaquental\/","article_modified_time":"2022-01-11T17:53:19+00:00","og_image":[{"width":2560,"height":1707,"url":"https:\/\/boloslevedos.pt\/wp-content\/uploads\/2022\/01\/IMG_7814-scaled.jpg","type":"image\/jpeg"}],"twitter_card":"summary_large_image","twitter_misc":{"Est. reading time":"1 minute"},"schema":{"@context":"https:\/\/schema.org","@graph":[{"@type":"Organization","@id":"https:\/\/boloslevedos.pt\/#organization","name":"Bolos L\u00eavedos da Rosa Quental","url":"https:\/\/boloslevedos.pt\/","sameAs":["https:\/\/pt-br.facebook.com\/boloslevedos.rosaquental\/","https:\/\/www.instagram.com\/explore\/locations\/252372041626763\/bolos-levedos-rosa-quental"],"logo":{"@type":"ImageObject","@id":"https:\/\/boloslevedos.pt\/#logo","inLanguage":"en-US","url":"https:\/\/boloslevedos.pt\/wp-content\/uploads\/2021\/11\/logo.png","contentUrl":"https:\/\/boloslevedos.pt\/wp-content\/uploads\/2021\/11\/logo.png","width":260,"height":260,"caption":"Bolos L\u00eavedos da Rosa Quental"},"image":{"@id":"https:\/\/boloslevedos.pt\/#logo"}},{"@type":"WebSite","@id":"https:\/\/boloslevedos.pt\/#website","url":"https:\/\/boloslevedos.pt\/","name":"Bolos L\u00eavedos da Rosa Quental","description":"Genu\u00ednos Bolos L\u00eavedos das Furnas, S\u00e3o Miguel, A\u00e7ores","publisher":{"@id":"https:\/\/boloslevedos.pt\/#organization"},"potentialAction":[{"@type":"SearchAction","target":{"@type":"EntryPoint","urlTemplate":"https:\/\/boloslevedos.pt\/?s={search_term_string}"},"query-input":"required name=search_term_string"}],"inLanguage":"en-US"},{"@type":"ImageObject","@id":"https:\/\/boloslevedos.pt\/en\/#primaryimage","inLanguage":"en-US","url":"https:\/\/boloslevedos.pt\/wp-content\/uploads\/2022\/01\/IMG_7814-scaled.jpg","contentUrl":"https:\/\/boloslevedos.pt\/wp-content\/uploads\/2022\/01\/IMG_7814-scaled.jpg","width":2560,"height":1707,"caption":"rosa quental bolos levedos"},{"@type":"WebPage","@id":"https:\/\/boloslevedos.pt\/en\/#webpage","url":"https:\/\/boloslevedos.pt\/en\/","name":"Home - Bolos L\u00eavedos da Rosa Quental","isPartOf":{"@id":"https:\/\/boloslevedos.pt\/#website"},"primaryImageOfPage":{"@id":"https:\/\/boloslevedos.pt\/en\/#primaryimage"},"datePublished":"2019-03-06T12:11:19+00:00","dateModified":"2022-01-11T17:53:19+00:00","description":"Welcome to the website bolos levedos rosa de quental, the most genuine yeast cake in the Azores. They are a kind of mixture of bread and cake.","breadcrumb":{"@id":"https:\/\/boloslevedos.pt\/en\/#breadcrumb"},"inLanguage":"en-US","potentialAction":[{"@type":"ReadAction","target":["https:\/\/boloslevedos.pt\/en\/"]}]},{"@type":"BreadcrumbList","@id":"https:\/\/boloslevedos.pt\/en\/#breadcrumb","itemListElement":[{"@type":"ListItem","position":1,"name":"In\u00edcio","item":"https:\/\/boloslevedos.pt\/en\/"},{"@type":"ListItem","position":2,"name":"Home"}]}]}},"_links":{"self":[{"href":"https:\/\/boloslevedos.pt\/en\/wp-json\/wp\/v2\/pages\/4617"}],"collection":[{"href":"https:\/\/boloslevedos.pt\/en\/wp-json\/wp\/v2\/pages"}],"about":[{"href":"https:\/\/boloslevedos.pt\/en\/wp-json\/wp\/v2\/types\/page"}],"author":[{"embeddable":true,"href":"https:\/\/boloslevedos.pt\/en\/wp-json\/wp\/v2\/users\/1"}],"replies":[{"embeddable":true,"href":"https:\/\/boloslevedos.pt\/en\/wp-json\/wp\/v2\/comments?post=4617"}],"version-history":[{"count":15,"href":"https:\/\/boloslevedos.pt\/en\/wp-json\/wp\/v2\/pages\/4617\/revisions"}],"predecessor-version":[{"id":4748,"href":"https:\/\/boloslevedos.pt\/en\/wp-json\/wp\/v2\/pages\/4617\/revisions\/4748"}],"wp:featuredmedia":[{"embeddable":true,"href":"https:\/\/boloslevedos.pt\/en\/wp-json\/wp\/v2\/media\/4698"}],"wp:attachment":[{"href":"https:\/\/boloslevedos.pt\/en\/wp-json\/wp\/v2\/media?parent=4617"}],"curies":[{"name":"wp","href":"https:\/\/api.w.org\/{rel}","templated":true}]}}