{"id":4626,"date":"2019-03-22T12:07:26","date_gmt":"2019-03-22T12:07:26","guid":{"rendered":"https:\/\/boloslevedos.pt\/sobre-nos\/"},"modified":"2022-01-12T11:52:49","modified_gmt":"2022-01-12T11:52:49","slug":"about-us-rosa-quental","status":"publish","type":"page","link":"https:\/\/boloslevedos.pt\/en\/about-us-rosa-quental\/","title":{"rendered":"About Us"},"content":{"rendered":"<p>[vc_row row_content_width=&#8221;grid&#8221; css=&#8221;.vc_custom_1560249528306{padding-top: 53px !important;}&#8221;][vc_column]<div class=\"mkdf-single-image-holder   \">\n    <div class=\"mkdf-si-inner\" >\n                                    <img width=\"2560\" height=\"1707\" src=\"https:\/\/boloslevedos.pt\/wp-content\/uploads\/2022\/01\/IMG_7774-scaled.jpg\" class=\"attachment-full size-full\" alt=\"\" loading=\"lazy\" srcset=\"https:\/\/boloslevedos.pt\/wp-content\/uploads\/2022\/01\/IMG_7774-scaled.jpg 2560w, https:\/\/boloslevedos.pt\/wp-content\/uploads\/2022\/01\/IMG_7774-300x200.jpg 300w, https:\/\/boloslevedos.pt\/wp-content\/uploads\/2022\/01\/IMG_7774-1024x683.jpg 1024w, https:\/\/boloslevedos.pt\/wp-content\/uploads\/2022\/01\/IMG_7774-768x512.jpg 768w, https:\/\/boloslevedos.pt\/wp-content\/uploads\/2022\/01\/IMG_7774-1536x1024.jpg 1536w, https:\/\/boloslevedos.pt\/wp-content\/uploads\/2022\/01\/IMG_7774-600x400.jpg 600w\" sizes=\"(max-width: 2560px) 100vw, 2560px\" \/>                        <\/div>\n<\/div>[\/vc_column][\/vc_row][vc_row row_content_width=&#8221;grid&#8221;][vc_column][vc_separator][\/vc_column][\/vc_row][vc_row row_content_width=&#8221;grid&#8221; css=&#8221;.vc_custom_1560761519053{padding-top: 95px !important;padding-bottom: 130px !important;}&#8221;][vc_column offset=&#8221;vc_col-md-4&#8243;][vc_column_text]<\/p>\n<h1 style=\"text-align: center\">The genuine yeast cakes from the furnas<\/h1>\n<p>[\/vc_column_text][vc_empty_space height=&#8221;&#8221; css=&#8221;.vc_custom_1560254901583{margin-top: -24px !important;}&#8221;][vc_empty_space height=&#8221;20px&#8221;][vc_single_image image=&#8221;4738&#8243; img_size=&#8221;full&#8221; alignment=&#8221;center&#8221;][\/vc_column][vc_column offset=&#8221;vc_col-md-8&#8243;][vc_empty_space height=&#8221;13px&#8221;][vc_column_text]Bolos L\u00eavedos Rosa Quental appeared in 1970, in one of the most visited places in the Azores \u2013 Furnas. Rosa Quental, founder and owner, was a pioneer in making the famous and delicious Bolos L\u00eavedos from Furnas. With the mission of bringing a high-quality product to the home of each one of Furnas and S\u00e3o Miguel Island residents, the company has always followed the original recipe and its artisanal production techniques to create this bread so cherished by the people of S\u00e3o Miguel and tourists.<\/p>\n<p>Located on Rua de Sant\u2019Ana, the pink house as many call it, is one of the visiting cards of Furnas and one of the most visited places by tourists. Whoever passes by Furnas cannot resist taking a bag of warm Bolos L\u00eavedos, to enjoy at any time of the day. For breakfast or a mid-day snack, accompanied by tea or coffee, or even for lunch or dinner, in the form of a hamburger, pizza or whatever you like!<\/p>\n<p>The company distinguishes itself from the others, as it is a pioneer, follows the original recipe and artisanal production techniques, has enormous respect for the product and its history, guarantees a commitment to quality and total customer satisfaction.<\/p>\n<p>During your visit to Furnas, don&#8217;t forget to buy the Bolos L\u00eavedos Rosa Quental! Also visit our cafe and try the various possible combinations, with the best local products of S\u00e3o Miguel Island.[\/vc_column_text][vc_empty_space height=&#8221;44px&#8221;][\/vc_column][\/vc_row]<\/p>\n","protected":false},"excerpt":{"rendered":"<p>[vc_row row_content_width=&#8221;grid&#8221; css=&#8221;.vc_custom_1560249528306{padding-top: 53px !important;}&#8221;][vc_column][\/vc_column][\/vc_row][vc_row row_content_width=&#8221;grid&#8221;][vc_column][vc_separator][\/vc_column][\/vc_row][vc_row row_content_width=&#8221;grid&#8221; css=&#8221;.vc_custom_1560761519053{padding-top: 95px !important;padding-bottom: [&hellip;]<\/p>\n","protected":false},"author":1,"featured_media":0,"parent":0,"menu_order":0,"comment_status":"closed","ping_status":"closed","template":"full-width.php","meta":[],"acf":[],"yoast_head":"<!-- This site is optimized with the Yoast SEO plugin v17.7 - https:\/\/yoast.com\/wordpress\/plugins\/seo\/ -->\n<title>About Us - Bolos L\u00eavedos da Rosa Quental<\/title>\n<meta name=\"description\" content=\"Bolos L\u00eavedos Rosa Quental appeared in 1970, in one of the most visited places in the Azores \u2013 Furnas.\" \/>\n<meta name=\"robots\" content=\"index, follow, max-snippet:-1, max-image-preview:large, max-video-preview:-1\" \/>\n<link rel=\"canonical\" href=\"https:\/\/boloslevedos.pt\/en\/about-us-rosa-quental\/\" \/>\n<meta property=\"og:locale\" content=\"en_US\" \/>\n<meta property=\"og:type\" content=\"article\" \/>\n<meta property=\"og:title\" content=\"About Us - Bolos L\u00eavedos da Rosa Quental\" \/>\n<meta property=\"og:description\" content=\"Bolos L\u00eavedos Rosa Quental appeared in 1970, in one of the most visited places in the Azores \u2013 Furnas.\" \/>\n<meta property=\"og:url\" content=\"https:\/\/boloslevedos.pt\/en\/about-us-rosa-quental\/\" \/>\n<meta property=\"og:site_name\" content=\"Bolos L\u00eavedos da Rosa Quental\" \/>\n<meta property=\"article:publisher\" content=\"https:\/\/pt-br.facebook.com\/boloslevedos.rosaquental\/\" \/>\n<meta property=\"article:modified_time\" content=\"2022-01-12T11:52:49+00:00\" \/>\n<meta name=\"twitter:card\" content=\"summary_large_image\" \/>\n<meta name=\"twitter:label1\" content=\"Est. reading time\" \/>\n\t<meta name=\"twitter:data1\" content=\"2 minutes\" \/>\n<script type=\"application\/ld+json\" class=\"yoast-schema-graph\">{\"@context\":\"https:\/\/schema.org\",\"@graph\":[{\"@type\":\"Organization\",\"@id\":\"https:\/\/boloslevedos.pt\/#organization\",\"name\":\"Bolos L\\u00eavedos da Rosa Quental\",\"url\":\"https:\/\/boloslevedos.pt\/\",\"sameAs\":[\"https:\/\/pt-br.facebook.com\/boloslevedos.rosaquental\/\",\"https:\/\/www.instagram.com\/explore\/locations\/252372041626763\/bolos-levedos-rosa-quental\"],\"logo\":{\"@type\":\"ImageObject\",\"@id\":\"https:\/\/boloslevedos.pt\/#logo\",\"inLanguage\":\"en-US\",\"url\":\"https:\/\/boloslevedos.pt\/wp-content\/uploads\/2021\/11\/logo.png\",\"contentUrl\":\"https:\/\/boloslevedos.pt\/wp-content\/uploads\/2021\/11\/logo.png\",\"width\":260,\"height\":260,\"caption\":\"Bolos L\\u00eavedos da Rosa Quental\"},\"image\":{\"@id\":\"https:\/\/boloslevedos.pt\/#logo\"}},{\"@type\":\"WebSite\",\"@id\":\"https:\/\/boloslevedos.pt\/#website\",\"url\":\"https:\/\/boloslevedos.pt\/\",\"name\":\"Bolos L\\u00eavedos da Rosa Quental\",\"description\":\"Genu\\u00ednos Bolos L\\u00eavedos das Furnas, S\\u00e3o Miguel, A\\u00e7ores\",\"publisher\":{\"@id\":\"https:\/\/boloslevedos.pt\/#organization\"},\"potentialAction\":[{\"@type\":\"SearchAction\",\"target\":{\"@type\":\"EntryPoint\",\"urlTemplate\":\"https:\/\/boloslevedos.pt\/?s={search_term_string}\"},\"query-input\":\"required name=search_term_string\"}],\"inLanguage\":\"en-US\"},{\"@type\":\"WebPage\",\"@id\":\"https:\/\/boloslevedos.pt\/en\/about-us-rosa-quental\/#webpage\",\"url\":\"https:\/\/boloslevedos.pt\/en\/about-us-rosa-quental\/\",\"name\":\"About Us - Bolos L\\u00eavedos da Rosa Quental\",\"isPartOf\":{\"@id\":\"https:\/\/boloslevedos.pt\/#website\"},\"datePublished\":\"2019-03-22T12:07:26+00:00\",\"dateModified\":\"2022-01-12T11:52:49+00:00\",\"description\":\"Bolos L\\u00eavedos Rosa Quental appeared in 1970, in one of the most visited places in the Azores \\u2013 Furnas.\",\"breadcrumb\":{\"@id\":\"https:\/\/boloslevedos.pt\/en\/about-us-rosa-quental\/#breadcrumb\"},\"inLanguage\":\"en-US\",\"potentialAction\":[{\"@type\":\"ReadAction\",\"target\":[\"https:\/\/boloslevedos.pt\/en\/about-us-rosa-quental\/\"]}]},{\"@type\":\"BreadcrumbList\",\"@id\":\"https:\/\/boloslevedos.pt\/en\/about-us-rosa-quental\/#breadcrumb\",\"itemListElement\":[{\"@type\":\"ListItem\",\"position\":1,\"name\":\"In\\u00edcio\",\"item\":\"https:\/\/boloslevedos.pt\/en\/\"},{\"@type\":\"ListItem\",\"position\":2,\"name\":\"About Us\"}]}]}<\/script>\n<!-- \/ Yoast SEO plugin. -->","yoast_head_json":{"title":"About Us - Bolos L\u00eavedos da Rosa Quental","description":"Bolos L\u00eavedos Rosa Quental appeared in 1970, in one of the most visited places in the Azores \u2013 Furnas.","robots":{"index":"index","follow":"follow","max-snippet":"max-snippet:-1","max-image-preview":"max-image-preview:large","max-video-preview":"max-video-preview:-1"},"canonical":"https:\/\/boloslevedos.pt\/en\/about-us-rosa-quental\/","og_locale":"en_US","og_type":"article","og_title":"About Us - Bolos L\u00eavedos da Rosa Quental","og_description":"Bolos L\u00eavedos Rosa Quental appeared in 1970, in one of the most visited places in the Azores \u2013 Furnas.","og_url":"https:\/\/boloslevedos.pt\/en\/about-us-rosa-quental\/","og_site_name":"Bolos L\u00eavedos da Rosa Quental","article_publisher":"https:\/\/pt-br.facebook.com\/boloslevedos.rosaquental\/","article_modified_time":"2022-01-12T11:52:49+00:00","twitter_card":"summary_large_image","twitter_misc":{"Est. reading time":"2 minutes"},"schema":{"@context":"https:\/\/schema.org","@graph":[{"@type":"Organization","@id":"https:\/\/boloslevedos.pt\/#organization","name":"Bolos L\u00eavedos da Rosa Quental","url":"https:\/\/boloslevedos.pt\/","sameAs":["https:\/\/pt-br.facebook.com\/boloslevedos.rosaquental\/","https:\/\/www.instagram.com\/explore\/locations\/252372041626763\/bolos-levedos-rosa-quental"],"logo":{"@type":"ImageObject","@id":"https:\/\/boloslevedos.pt\/#logo","inLanguage":"en-US","url":"https:\/\/boloslevedos.pt\/wp-content\/uploads\/2021\/11\/logo.png","contentUrl":"https:\/\/boloslevedos.pt\/wp-content\/uploads\/2021\/11\/logo.png","width":260,"height":260,"caption":"Bolos L\u00eavedos da Rosa Quental"},"image":{"@id":"https:\/\/boloslevedos.pt\/#logo"}},{"@type":"WebSite","@id":"https:\/\/boloslevedos.pt\/#website","url":"https:\/\/boloslevedos.pt\/","name":"Bolos L\u00eavedos da Rosa Quental","description":"Genu\u00ednos Bolos L\u00eavedos das Furnas, S\u00e3o Miguel, A\u00e7ores","publisher":{"@id":"https:\/\/boloslevedos.pt\/#organization"},"potentialAction":[{"@type":"SearchAction","target":{"@type":"EntryPoint","urlTemplate":"https:\/\/boloslevedos.pt\/?s={search_term_string}"},"query-input":"required name=search_term_string"}],"inLanguage":"en-US"},{"@type":"WebPage","@id":"https:\/\/boloslevedos.pt\/en\/about-us-rosa-quental\/#webpage","url":"https:\/\/boloslevedos.pt\/en\/about-us-rosa-quental\/","name":"About Us - Bolos L\u00eavedos da Rosa Quental","isPartOf":{"@id":"https:\/\/boloslevedos.pt\/#website"},"datePublished":"2019-03-22T12:07:26+00:00","dateModified":"2022-01-12T11:52:49+00:00","description":"Bolos L\u00eavedos Rosa Quental appeared in 1970, in one of the most visited places in the Azores \u2013 Furnas.","breadcrumb":{"@id":"https:\/\/boloslevedos.pt\/en\/about-us-rosa-quental\/#breadcrumb"},"inLanguage":"en-US","potentialAction":[{"@type":"ReadAction","target":["https:\/\/boloslevedos.pt\/en\/about-us-rosa-quental\/"]}]},{"@type":"BreadcrumbList","@id":"https:\/\/boloslevedos.pt\/en\/about-us-rosa-quental\/#breadcrumb","itemListElement":[{"@type":"ListItem","position":1,"name":"In\u00edcio","item":"https:\/\/boloslevedos.pt\/en\/"},{"@type":"ListItem","position":2,"name":"About Us"}]}]}},"_links":{"self":[{"href":"https:\/\/boloslevedos.pt\/en\/wp-json\/wp\/v2\/pages\/4626"}],"collection":[{"href":"https:\/\/boloslevedos.pt\/en\/wp-json\/wp\/v2\/pages"}],"about":[{"href":"https:\/\/boloslevedos.pt\/en\/wp-json\/wp\/v2\/types\/page"}],"author":[{"embeddable":true,"href":"https:\/\/boloslevedos.pt\/en\/wp-json\/wp\/v2\/users\/1"}],"replies":[{"embeddable":true,"href":"https:\/\/boloslevedos.pt\/en\/wp-json\/wp\/v2\/comments?post=4626"}],"version-history":[{"count":8,"href":"https:\/\/boloslevedos.pt\/en\/wp-json\/wp\/v2\/pages\/4626\/revisions"}],"predecessor-version":[{"id":4758,"href":"https:\/\/boloslevedos.pt\/en\/wp-json\/wp\/v2\/pages\/4626\/revisions\/4758"}],"wp:attachment":[{"href":"https:\/\/boloslevedos.pt\/en\/wp-json\/wp\/v2\/media?parent=4626"}],"curies":[{"name":"wp","href":"https:\/\/api.w.org\/{rel}","templated":true}]}}