{"id":4632,"date":"2021-11-25T12:13:29","date_gmt":"2021-11-25T12:13:29","guid":{"rendered":"https:\/\/boloslevedos.pt\/o-bolo-levedo\/"},"modified":"2022-01-12T11:54:27","modified_gmt":"2022-01-12T11:54:27","slug":"the-yeast-cake-portuguese-bolos-levedos","status":"publish","type":"page","link":"https:\/\/boloslevedos.pt\/en\/the-yeast-cake-portuguese-bolos-levedos\/","title":{"rendered":"The Yeast Cake"},"content":{"rendered":"<p>[vc_row row_content_width=&#8221;grid&#8221; css=&#8221;.vc_custom_1560249528306{padding-top: 53px !important;}&#8221;][vc_column]<div class=\"mkdf-single-image-holder   \">\n    <div class=\"mkdf-si-inner\" >\n                                    <img width=\"2560\" height=\"1707\" src=\"https:\/\/boloslevedos.pt\/wp-content\/uploads\/2022\/01\/IMG_7748-scaled.jpg\" class=\"attachment-full size-full\" alt=\"\" loading=\"lazy\" srcset=\"https:\/\/boloslevedos.pt\/wp-content\/uploads\/2022\/01\/IMG_7748-scaled.jpg 2560w, https:\/\/boloslevedos.pt\/wp-content\/uploads\/2022\/01\/IMG_7748-300x200.jpg 300w, https:\/\/boloslevedos.pt\/wp-content\/uploads\/2022\/01\/IMG_7748-1024x683.jpg 1024w, https:\/\/boloslevedos.pt\/wp-content\/uploads\/2022\/01\/IMG_7748-768x512.jpg 768w, https:\/\/boloslevedos.pt\/wp-content\/uploads\/2022\/01\/IMG_7748-1536x1024.jpg 1536w, https:\/\/boloslevedos.pt\/wp-content\/uploads\/2022\/01\/IMG_7748-600x400.jpg 600w\" sizes=\"(max-width: 2560px) 100vw, 2560px\" \/>                        <\/div>\n<\/div>[\/vc_column][\/vc_row][vc_row row_content_width=&#8221;grid&#8221;][vc_column][vc_separator][\/vc_column][\/vc_row][vc_row row_content_width=&#8221;grid&#8221; css=&#8221;.vc_custom_1560761519053{padding-top: 95px !important;padding-bottom: 130px !important;}&#8221;][vc_column offset=&#8221;vc_col-md-4&#8243;][vc_column_text]<\/p>\n<h1 style=\"text-align: center\">The Yeast Cake<\/h1>\n<p>[\/vc_column_text][vc_empty_space height=&#8221;&#8221; css=&#8221;.vc_custom_1560254901583{margin-top: -24px !important;}&#8221;][vc_empty_space height=&#8221;20px&#8221;][vc_single_image image=&#8221;4738&#8243; img_size=&#8221;full&#8221; alignment=&#8221;center&#8221;][\/vc_column][vc_column offset=&#8221;vc_col-md-8&#8243;][vc_empty_space height=&#8221;13px&#8221;][vc_column_text]\n<span class=\"mkdf-dropcaps mkdf-normal\" style=\"font-size: 112px;font-weight: 400;line-height: 75px;color: #000\">\n\tC<\/span><\/p>\n<p>an you imagine arriving in the parish of Vale das Furnas and having the pleasure of tasting a wonderful, warm, fluffy and genuine Bolo L\u00eavedo? Yeast cake is a kind of bread and cake mix, so soft and sweet at the same time. It&#8217;s hard to describe one. The best thing to do is taste it!<\/p>\n<p>A Bolo L\u00eavedo is part of any Azorean table. It is eaten for breakfast as well as any other meal. Serve as a side dish and sometimes even as a main course! It&#8217;s a way to experience new flavors and fall in love with the best that Furnas has to offer. It is a way of supporting our Region.<\/p>\n<p>Add some butter, ham and island cheese. Accompany it with tea during those colder days. Bolo L\u00eavedo is also very popular in the form of pizza or hamburgers. The sweetness of the cake against the salty, makes a meal to die for!<\/p>\n<p>When visiting Vale das Furnas, don&#8217;t forget to buy the Bolos L\u00eavedos Rosa Quental. They will be your company during a walk or a picnic by the Furnas Lagoon. There&#8217;s nothing better than enjoying a bath in Terra Nostra Park or Po\u00e7a da Dona Beja and then having a hot, freshly baked Bolo L\u00eavedo!<\/p>\n<p>It is difficult to explain the true taste of this product. You have to try it!<\/p>\n<p>Como visit us and taste the \u201cgenuine Bolos L\u00eavedos from Furnas\u201d \u2013 Bolos L\u00eavedos Rosa Quental! Look for a pink house. We are waiting for you.[\/vc_column_text][vc_empty_space height=&#8221;44px&#8221;][\/vc_column][\/vc_row]<\/p>\n","protected":false},"excerpt":{"rendered":"<p>[vc_row row_content_width=&#8221;grid&#8221; css=&#8221;.vc_custom_1560249528306{padding-top: 53px !important;}&#8221;][vc_column][\/vc_column][\/vc_row][vc_row row_content_width=&#8221;grid&#8221;][vc_column][vc_separator][\/vc_column][\/vc_row][vc_row row_content_width=&#8221;grid&#8221; css=&#8221;.vc_custom_1560761519053{padding-top: 95px !important;padding-bottom: [&hellip;]<\/p>\n","protected":false},"author":1,"featured_media":4722,"parent":0,"menu_order":0,"comment_status":"closed","ping_status":"closed","template":"full-width.php","meta":[],"acf":[],"yoast_head":"<!-- This site is optimized with the Yoast SEO plugin v17.7 - https:\/\/yoast.com\/wordpress\/plugins\/seo\/ -->\n<title>The Yeast Cake - Bolos L\u00eavedos da Rosa Quental<\/title>\n<meta name=\"description\" content=\"Curious about one of the most characteristic products of the Azores? The Portuguese bolos levedos from Rosa Quental are very delicious.\" \/>\n<meta name=\"robots\" content=\"index, follow, max-snippet:-1, max-image-preview:large, max-video-preview:-1\" \/>\n<link rel=\"canonical\" href=\"https:\/\/boloslevedos.pt\/en\/the-yeast-cake-portuguese-bolos-levedos\/\" \/>\n<meta property=\"og:locale\" content=\"en_US\" \/>\n<meta property=\"og:type\" content=\"article\" \/>\n<meta property=\"og:title\" content=\"The Yeast Cake - Bolos L\u00eavedos da Rosa Quental\" \/>\n<meta property=\"og:description\" content=\"Curious about one of the most characteristic products of the Azores? The Portuguese bolos levedos from Rosa Quental are very delicious.\" \/>\n<meta property=\"og:url\" content=\"https:\/\/boloslevedos.pt\/en\/the-yeast-cake-portuguese-bolos-levedos\/\" \/>\n<meta property=\"og:site_name\" content=\"Bolos L\u00eavedos da Rosa Quental\" \/>\n<meta property=\"article:publisher\" content=\"https:\/\/pt-br.facebook.com\/boloslevedos.rosaquental\/\" \/>\n<meta property=\"article:modified_time\" content=\"2022-01-12T11:54:27+00:00\" \/>\n<meta property=\"og:image\" content=\"https:\/\/boloslevedos.pt\/wp-content\/uploads\/2022\/01\/IMG_7738-1-1024x683.png\" \/>\n\t<meta property=\"og:image:width\" content=\"1024\" \/>\n\t<meta property=\"og:image:height\" content=\"683\" \/>\n<meta name=\"twitter:card\" content=\"summary_large_image\" \/>\n<meta name=\"twitter:label1\" content=\"Est. reading time\" \/>\n\t<meta name=\"twitter:data1\" content=\"2 minutes\" \/>\n<script type=\"application\/ld+json\" class=\"yoast-schema-graph\">{\"@context\":\"https:\/\/schema.org\",\"@graph\":[{\"@type\":\"Organization\",\"@id\":\"https:\/\/boloslevedos.pt\/#organization\",\"name\":\"Bolos L\\u00eavedos da Rosa Quental\",\"url\":\"https:\/\/boloslevedos.pt\/\",\"sameAs\":[\"https:\/\/pt-br.facebook.com\/boloslevedos.rosaquental\/\",\"https:\/\/www.instagram.com\/explore\/locations\/252372041626763\/bolos-levedos-rosa-quental\"],\"logo\":{\"@type\":\"ImageObject\",\"@id\":\"https:\/\/boloslevedos.pt\/#logo\",\"inLanguage\":\"en-US\",\"url\":\"https:\/\/boloslevedos.pt\/wp-content\/uploads\/2021\/11\/logo.png\",\"contentUrl\":\"https:\/\/boloslevedos.pt\/wp-content\/uploads\/2021\/11\/logo.png\",\"width\":260,\"height\":260,\"caption\":\"Bolos L\\u00eavedos da Rosa Quental\"},\"image\":{\"@id\":\"https:\/\/boloslevedos.pt\/#logo\"}},{\"@type\":\"WebSite\",\"@id\":\"https:\/\/boloslevedos.pt\/#website\",\"url\":\"https:\/\/boloslevedos.pt\/\",\"name\":\"Bolos L\\u00eavedos da Rosa Quental\",\"description\":\"Genu\\u00ednos Bolos L\\u00eavedos das Furnas, S\\u00e3o Miguel, A\\u00e7ores\",\"publisher\":{\"@id\":\"https:\/\/boloslevedos.pt\/#organization\"},\"potentialAction\":[{\"@type\":\"SearchAction\",\"target\":{\"@type\":\"EntryPoint\",\"urlTemplate\":\"https:\/\/boloslevedos.pt\/?s={search_term_string}\"},\"query-input\":\"required name=search_term_string\"}],\"inLanguage\":\"en-US\"},{\"@type\":\"ImageObject\",\"@id\":\"https:\/\/boloslevedos.pt\/en\/the-yeast-cake-portuguese-bolos-levedos\/#primaryimage\",\"inLanguage\":\"en-US\",\"url\":\"https:\/\/boloslevedos.pt\/wp-content\/uploads\/2022\/01\/IMG_7738-1.png\",\"contentUrl\":\"https:\/\/boloslevedos.pt\/wp-content\/uploads\/2022\/01\/IMG_7738-1.png\",\"width\":5016,\"height\":3344,\"caption\":\"Portuguese bolos levedos\"},{\"@type\":\"WebPage\",\"@id\":\"https:\/\/boloslevedos.pt\/en\/the-yeast-cake-portuguese-bolos-levedos\/#webpage\",\"url\":\"https:\/\/boloslevedos.pt\/en\/the-yeast-cake-portuguese-bolos-levedos\/\",\"name\":\"The Yeast Cake - Bolos L\\u00eavedos da Rosa Quental\",\"isPartOf\":{\"@id\":\"https:\/\/boloslevedos.pt\/#website\"},\"primaryImageOfPage\":{\"@id\":\"https:\/\/boloslevedos.pt\/en\/the-yeast-cake-portuguese-bolos-levedos\/#primaryimage\"},\"datePublished\":\"2021-11-25T12:13:29+00:00\",\"dateModified\":\"2022-01-12T11:54:27+00:00\",\"description\":\"Curious about one of the most characteristic products of the Azores? The Portuguese bolos levedos from Rosa Quental are very delicious.\",\"breadcrumb\":{\"@id\":\"https:\/\/boloslevedos.pt\/en\/the-yeast-cake-portuguese-bolos-levedos\/#breadcrumb\"},\"inLanguage\":\"en-US\",\"potentialAction\":[{\"@type\":\"ReadAction\",\"target\":[\"https:\/\/boloslevedos.pt\/en\/the-yeast-cake-portuguese-bolos-levedos\/\"]}]},{\"@type\":\"BreadcrumbList\",\"@id\":\"https:\/\/boloslevedos.pt\/en\/the-yeast-cake-portuguese-bolos-levedos\/#breadcrumb\",\"itemListElement\":[{\"@type\":\"ListItem\",\"position\":1,\"name\":\"In\\u00edcio\",\"item\":\"https:\/\/boloslevedos.pt\/en\/\"},{\"@type\":\"ListItem\",\"position\":2,\"name\":\"The Yeast Cake\"}]}]}<\/script>\n<!-- \/ Yoast SEO plugin. -->","yoast_head_json":{"title":"The Yeast Cake - Bolos L\u00eavedos da Rosa Quental","description":"Curious about one of the most characteristic products of the Azores? The Portuguese bolos levedos from Rosa Quental are very delicious.","robots":{"index":"index","follow":"follow","max-snippet":"max-snippet:-1","max-image-preview":"max-image-preview:large","max-video-preview":"max-video-preview:-1"},"canonical":"https:\/\/boloslevedos.pt\/en\/the-yeast-cake-portuguese-bolos-levedos\/","og_locale":"en_US","og_type":"article","og_title":"The Yeast Cake - Bolos L\u00eavedos da Rosa Quental","og_description":"Curious about one of the most characteristic products of the Azores? The Portuguese bolos levedos from Rosa Quental are very delicious.","og_url":"https:\/\/boloslevedos.pt\/en\/the-yeast-cake-portuguese-bolos-levedos\/","og_site_name":"Bolos L\u00eavedos da Rosa Quental","article_publisher":"https:\/\/pt-br.facebook.com\/boloslevedos.rosaquental\/","article_modified_time":"2022-01-12T11:54:27+00:00","og_image":[{"width":1024,"height":683,"url":"https:\/\/boloslevedos.pt\/wp-content\/uploads\/2022\/01\/IMG_7738-1-1024x683.png","type":"image\/png"}],"twitter_card":"summary_large_image","twitter_misc":{"Est. reading time":"2 minutes"},"schema":{"@context":"https:\/\/schema.org","@graph":[{"@type":"Organization","@id":"https:\/\/boloslevedos.pt\/#organization","name":"Bolos L\u00eavedos da Rosa Quental","url":"https:\/\/boloslevedos.pt\/","sameAs":["https:\/\/pt-br.facebook.com\/boloslevedos.rosaquental\/","https:\/\/www.instagram.com\/explore\/locations\/252372041626763\/bolos-levedos-rosa-quental"],"logo":{"@type":"ImageObject","@id":"https:\/\/boloslevedos.pt\/#logo","inLanguage":"en-US","url":"https:\/\/boloslevedos.pt\/wp-content\/uploads\/2021\/11\/logo.png","contentUrl":"https:\/\/boloslevedos.pt\/wp-content\/uploads\/2021\/11\/logo.png","width":260,"height":260,"caption":"Bolos L\u00eavedos da Rosa Quental"},"image":{"@id":"https:\/\/boloslevedos.pt\/#logo"}},{"@type":"WebSite","@id":"https:\/\/boloslevedos.pt\/#website","url":"https:\/\/boloslevedos.pt\/","name":"Bolos L\u00eavedos da Rosa Quental","description":"Genu\u00ednos Bolos L\u00eavedos das Furnas, S\u00e3o Miguel, A\u00e7ores","publisher":{"@id":"https:\/\/boloslevedos.pt\/#organization"},"potentialAction":[{"@type":"SearchAction","target":{"@type":"EntryPoint","urlTemplate":"https:\/\/boloslevedos.pt\/?s={search_term_string}"},"query-input":"required name=search_term_string"}],"inLanguage":"en-US"},{"@type":"ImageObject","@id":"https:\/\/boloslevedos.pt\/en\/the-yeast-cake-portuguese-bolos-levedos\/#primaryimage","inLanguage":"en-US","url":"https:\/\/boloslevedos.pt\/wp-content\/uploads\/2022\/01\/IMG_7738-1.png","contentUrl":"https:\/\/boloslevedos.pt\/wp-content\/uploads\/2022\/01\/IMG_7738-1.png","width":5016,"height":3344,"caption":"Portuguese bolos levedos"},{"@type":"WebPage","@id":"https:\/\/boloslevedos.pt\/en\/the-yeast-cake-portuguese-bolos-levedos\/#webpage","url":"https:\/\/boloslevedos.pt\/en\/the-yeast-cake-portuguese-bolos-levedos\/","name":"The Yeast Cake - Bolos L\u00eavedos da Rosa Quental","isPartOf":{"@id":"https:\/\/boloslevedos.pt\/#website"},"primaryImageOfPage":{"@id":"https:\/\/boloslevedos.pt\/en\/the-yeast-cake-portuguese-bolos-levedos\/#primaryimage"},"datePublished":"2021-11-25T12:13:29+00:00","dateModified":"2022-01-12T11:54:27+00:00","description":"Curious about one of the most characteristic products of the Azores? The Portuguese bolos levedos from Rosa Quental are very delicious.","breadcrumb":{"@id":"https:\/\/boloslevedos.pt\/en\/the-yeast-cake-portuguese-bolos-levedos\/#breadcrumb"},"inLanguage":"en-US","potentialAction":[{"@type":"ReadAction","target":["https:\/\/boloslevedos.pt\/en\/the-yeast-cake-portuguese-bolos-levedos\/"]}]},{"@type":"BreadcrumbList","@id":"https:\/\/boloslevedos.pt\/en\/the-yeast-cake-portuguese-bolos-levedos\/#breadcrumb","itemListElement":[{"@type":"ListItem","position":1,"name":"In\u00edcio","item":"https:\/\/boloslevedos.pt\/en\/"},{"@type":"ListItem","position":2,"name":"The Yeast Cake"}]}]}},"_links":{"self":[{"href":"https:\/\/boloslevedos.pt\/en\/wp-json\/wp\/v2\/pages\/4632"}],"collection":[{"href":"https:\/\/boloslevedos.pt\/en\/wp-json\/wp\/v2\/pages"}],"about":[{"href":"https:\/\/boloslevedos.pt\/en\/wp-json\/wp\/v2\/types\/page"}],"author":[{"embeddable":true,"href":"https:\/\/boloslevedos.pt\/en\/wp-json\/wp\/v2\/users\/1"}],"replies":[{"embeddable":true,"href":"https:\/\/boloslevedos.pt\/en\/wp-json\/wp\/v2\/comments?post=4632"}],"version-history":[{"count":9,"href":"https:\/\/boloslevedos.pt\/en\/wp-json\/wp\/v2\/pages\/4632\/revisions"}],"predecessor-version":[{"id":4760,"href":"https:\/\/boloslevedos.pt\/en\/wp-json\/wp\/v2\/pages\/4632\/revisions\/4760"}],"wp:featuredmedia":[{"embeddable":true,"href":"https:\/\/boloslevedos.pt\/en\/wp-json\/wp\/v2\/media\/4722"}],"wp:attachment":[{"href":"https:\/\/boloslevedos.pt\/en\/wp-json\/wp\/v2\/media?parent=4632"}],"curies":[{"name":"wp","href":"https:\/\/api.w.org\/{rel}","templated":true}]}}