{"id":4726,"date":"2022-01-11T17:03:36","date_gmt":"2022-01-11T17:03:36","guid":{"rendered":"https:\/\/boloslevedos.pt\/?post_type=product&#038;p=4726"},"modified":"2026-01-23T18:28:40","modified_gmt":"2026-01-23T18:28:40","slug":"bolo-levedo-grande-pack-de-3-unidades","status":"publish","type":"product","link":"https:\/\/boloslevedos.pt\/en\/product\/bolo-levedo-grande-pack-de-3-unidades\/","title":{"rendered":"Large yeast cake &#8211; pack of 3"},"content":{"rendered":"","protected":false},"excerpt":{"rendered":"","protected":false},"featured_media":4919,"template":"","meta":[],"product_cat":[91],"acf":[],"yoast_head":"<!-- This site is optimized with the Yoast SEO plugin v17.7 - https:\/\/yoast.com\/wordpress\/plugins\/seo\/ -->\n<title>Large yeast cake - pack of 3 - Bolos L\u00eavedos da Rosa Quental<\/title>\n<meta name=\"robots\" content=\"index, follow, max-snippet:-1, max-image-preview:large, max-video-preview:-1\" \/>\n<link rel=\"canonical\" href=\"https:\/\/boloslevedos.pt\/en\/product\/bolo-levedo-grande-pack-de-3-unidades\/\" \/>\n<meta property=\"og:locale\" content=\"en_US\" \/>\n<meta property=\"og:type\" content=\"article\" \/>\n<meta property=\"og:title\" content=\"Large yeast cake - pack of 3 - Bolos L\u00eavedos da Rosa Quental\" \/>\n<meta property=\"og:url\" content=\"https:\/\/boloslevedos.pt\/en\/product\/bolo-levedo-grande-pack-de-3-unidades\/\" \/>\n<meta property=\"og:site_name\" content=\"Bolos L\u00eavedos da Rosa Quental\" \/>\n<meta property=\"article:publisher\" content=\"https:\/\/pt-br.facebook.com\/boloslevedos.rosaquental\/\" \/>\n<meta property=\"article:modified_time\" content=\"2026-01-23T18:28:40+00:00\" \/>\n<meta property=\"og:image\" content=\"https:\/\/boloslevedos.pt\/wp-content\/uploads\/2022\/01\/IMG_7687-scaled.jpg\" \/>\n\t<meta property=\"og:image:width\" content=\"2560\" \/>\n\t<meta property=\"og:image:height\" content=\"1707\" \/>\n<meta name=\"twitter:card\" content=\"summary_large_image\" \/>\n<script type=\"application\/ld+json\" class=\"yoast-schema-graph\">{\"@context\":\"https:\/\/schema.org\",\"@graph\":[{\"@type\":\"Organization\",\"@id\":\"https:\/\/boloslevedos.pt\/#organization\",\"name\":\"Bolos L\\u00eavedos da Rosa Quental\",\"url\":\"https:\/\/boloslevedos.pt\/\",\"sameAs\":[\"https:\/\/pt-br.facebook.com\/boloslevedos.rosaquental\/\",\"https:\/\/www.instagram.com\/explore\/locations\/252372041626763\/bolos-levedos-rosa-quental\"],\"logo\":{\"@type\":\"ImageObject\",\"@id\":\"https:\/\/boloslevedos.pt\/#logo\",\"inLanguage\":\"en-US\",\"url\":\"https:\/\/boloslevedos.pt\/wp-content\/uploads\/2021\/11\/logo.png\",\"contentUrl\":\"https:\/\/boloslevedos.pt\/wp-content\/uploads\/2021\/11\/logo.png\",\"width\":260,\"height\":260,\"caption\":\"Bolos L\\u00eavedos da Rosa Quental\"},\"image\":{\"@id\":\"https:\/\/boloslevedos.pt\/#logo\"}},{\"@type\":\"WebSite\",\"@id\":\"https:\/\/boloslevedos.pt\/#website\",\"url\":\"https:\/\/boloslevedos.pt\/\",\"name\":\"Bolos L\\u00eavedos da Rosa Quental\",\"description\":\"Genu\\u00ednos Bolos L\\u00eavedos das Furnas, S\\u00e3o Miguel, A\\u00e7ores\",\"publisher\":{\"@id\":\"https:\/\/boloslevedos.pt\/#organization\"},\"potentialAction\":[{\"@type\":\"SearchAction\",\"target\":{\"@type\":\"EntryPoint\",\"urlTemplate\":\"https:\/\/boloslevedos.pt\/?s={search_term_string}\"},\"query-input\":\"required name=search_term_string\"}],\"inLanguage\":\"en-US\"},{\"@type\":\"ImageObject\",\"@id\":\"https:\/\/boloslevedos.pt\/en\/product\/bolo-levedo-grande-pack-de-3-unidades\/#primaryimage\",\"inLanguage\":\"en-US\",\"url\":\"https:\/\/boloslevedos.pt\/wp-content\/uploads\/2022\/01\/IMG_7687-scaled.jpg\",\"contentUrl\":\"https:\/\/boloslevedos.pt\/wp-content\/uploads\/2022\/01\/IMG_7687-scaled.jpg\",\"width\":2560,\"height\":1707},{\"@type\":\"WebPage\",\"@id\":\"https:\/\/boloslevedos.pt\/en\/product\/bolo-levedo-grande-pack-de-3-unidades\/#webpage\",\"url\":\"https:\/\/boloslevedos.pt\/en\/product\/bolo-levedo-grande-pack-de-3-unidades\/\",\"name\":\"Large yeast cake - pack of 3 - Bolos L\\u00eavedos da Rosa Quental\",\"isPartOf\":{\"@id\":\"https:\/\/boloslevedos.pt\/#website\"},\"primaryImageOfPage\":{\"@id\":\"https:\/\/boloslevedos.pt\/en\/product\/bolo-levedo-grande-pack-de-3-unidades\/#primaryimage\"},\"datePublished\":\"2022-01-11T17:03:36+00:00\",\"dateModified\":\"2026-01-23T18:28:40+00:00\",\"breadcrumb\":{\"@id\":\"https:\/\/boloslevedos.pt\/en\/product\/bolo-levedo-grande-pack-de-3-unidades\/#breadcrumb\"},\"inLanguage\":\"en-US\",\"potentialAction\":[{\"@type\":\"ReadAction\",\"target\":[\"https:\/\/boloslevedos.pt\/en\/product\/bolo-levedo-grande-pack-de-3-unidades\/\"]}]},{\"@type\":\"BreadcrumbList\",\"@id\":\"https:\/\/boloslevedos.pt\/en\/product\/bolo-levedo-grande-pack-de-3-unidades\/#breadcrumb\",\"itemListElement\":[{\"@type\":\"ListItem\",\"position\":1,\"name\":\"In\\u00edcio\",\"item\":\"https:\/\/boloslevedos.pt\/en\/\"},{\"@type\":\"ListItem\",\"position\":2,\"name\":\"Loja\",\"item\":\"https:\/\/boloslevedos.pt\/loja\/\"},{\"@type\":\"ListItem\",\"position\":3,\"name\":\"Large yeast cake &#8211; pack of 3\"}]}]}<\/script>\n<!-- \/ Yoast SEO plugin. -->","yoast_head_json":{"title":"Large yeast cake - pack of 3 - Bolos L\u00eavedos da Rosa Quental","robots":{"index":"index","follow":"follow","max-snippet":"max-snippet:-1","max-image-preview":"max-image-preview:large","max-video-preview":"max-video-preview:-1"},"canonical":"https:\/\/boloslevedos.pt\/en\/product\/bolo-levedo-grande-pack-de-3-unidades\/","og_locale":"en_US","og_type":"article","og_title":"Large yeast cake - pack of 3 - Bolos L\u00eavedos da Rosa Quental","og_url":"https:\/\/boloslevedos.pt\/en\/product\/bolo-levedo-grande-pack-de-3-unidades\/","og_site_name":"Bolos L\u00eavedos da Rosa Quental","article_publisher":"https:\/\/pt-br.facebook.com\/boloslevedos.rosaquental\/","article_modified_time":"2026-01-23T18:28:40+00:00","og_image":[{"width":2560,"height":1707,"url":"https:\/\/boloslevedos.pt\/wp-content\/uploads\/2022\/01\/IMG_7687-scaled.jpg","type":"image\/jpeg"}],"twitter_card":"summary_large_image","schema":{"@context":"https:\/\/schema.org","@graph":[{"@type":"Organization","@id":"https:\/\/boloslevedos.pt\/#organization","name":"Bolos L\u00eavedos da Rosa Quental","url":"https:\/\/boloslevedos.pt\/","sameAs":["https:\/\/pt-br.facebook.com\/boloslevedos.rosaquental\/","https:\/\/www.instagram.com\/explore\/locations\/252372041626763\/bolos-levedos-rosa-quental"],"logo":{"@type":"ImageObject","@id":"https:\/\/boloslevedos.pt\/#logo","inLanguage":"en-US","url":"https:\/\/boloslevedos.pt\/wp-content\/uploads\/2021\/11\/logo.png","contentUrl":"https:\/\/boloslevedos.pt\/wp-content\/uploads\/2021\/11\/logo.png","width":260,"height":260,"caption":"Bolos L\u00eavedos da Rosa Quental"},"image":{"@id":"https:\/\/boloslevedos.pt\/#logo"}},{"@type":"WebSite","@id":"https:\/\/boloslevedos.pt\/#website","url":"https:\/\/boloslevedos.pt\/","name":"Bolos L\u00eavedos da Rosa Quental","description":"Genu\u00ednos Bolos L\u00eavedos das Furnas, S\u00e3o Miguel, A\u00e7ores","publisher":{"@id":"https:\/\/boloslevedos.pt\/#organization"},"potentialAction":[{"@type":"SearchAction","target":{"@type":"EntryPoint","urlTemplate":"https:\/\/boloslevedos.pt\/?s={search_term_string}"},"query-input":"required name=search_term_string"}],"inLanguage":"en-US"},{"@type":"ImageObject","@id":"https:\/\/boloslevedos.pt\/en\/product\/bolo-levedo-grande-pack-de-3-unidades\/#primaryimage","inLanguage":"en-US","url":"https:\/\/boloslevedos.pt\/wp-content\/uploads\/2022\/01\/IMG_7687-scaled.jpg","contentUrl":"https:\/\/boloslevedos.pt\/wp-content\/uploads\/2022\/01\/IMG_7687-scaled.jpg","width":2560,"height":1707},{"@type":"WebPage","@id":"https:\/\/boloslevedos.pt\/en\/product\/bolo-levedo-grande-pack-de-3-unidades\/#webpage","url":"https:\/\/boloslevedos.pt\/en\/product\/bolo-levedo-grande-pack-de-3-unidades\/","name":"Large yeast cake - pack of 3 - Bolos L\u00eavedos da Rosa Quental","isPartOf":{"@id":"https:\/\/boloslevedos.pt\/#website"},"primaryImageOfPage":{"@id":"https:\/\/boloslevedos.pt\/en\/product\/bolo-levedo-grande-pack-de-3-unidades\/#primaryimage"},"datePublished":"2022-01-11T17:03:36+00:00","dateModified":"2026-01-23T18:28:40+00:00","breadcrumb":{"@id":"https:\/\/boloslevedos.pt\/en\/product\/bolo-levedo-grande-pack-de-3-unidades\/#breadcrumb"},"inLanguage":"en-US","potentialAction":[{"@type":"ReadAction","target":["https:\/\/boloslevedos.pt\/en\/product\/bolo-levedo-grande-pack-de-3-unidades\/"]}]},{"@type":"BreadcrumbList","@id":"https:\/\/boloslevedos.pt\/en\/product\/bolo-levedo-grande-pack-de-3-unidades\/#breadcrumb","itemListElement":[{"@type":"ListItem","position":1,"name":"In\u00edcio","item":"https:\/\/boloslevedos.pt\/en\/"},{"@type":"ListItem","position":2,"name":"Loja","item":"https:\/\/boloslevedos.pt\/loja\/"},{"@type":"ListItem","position":3,"name":"Large yeast cake &#8211; pack of 3"}]}]}},"_links":{"self":[{"href":"https:\/\/boloslevedos.pt\/en\/wp-json\/wp\/v2\/product\/4726"}],"collection":[{"href":"https:\/\/boloslevedos.pt\/en\/wp-json\/wp\/v2\/product"}],"about":[{"href":"https:\/\/boloslevedos.pt\/en\/wp-json\/wp\/v2\/types\/product"}],"wp:featuredmedia":[{"embeddable":true,"href":"https:\/\/boloslevedos.pt\/en\/wp-json\/wp\/v2\/media\/4919"}],"wp:attachment":[{"href":"https:\/\/boloslevedos.pt\/en\/wp-json\/wp\/v2\/media?parent=4726"}],"wp:term":[{"taxonomy":"product_cat","embeddable":true,"href":"https:\/\/boloslevedos.pt\/en\/wp-json\/wp\/v2\/product_cat?post=4726"}],"curies":[{"name":"wp","href":"https:\/\/api.w.org\/{rel}","templated":true}]}}